{"id":999957387,"date":"2018-01-26T14:59:02","date_gmt":"2018-01-26T14:59:02","guid":{"rendered":"https:\/\/test.estply.com\/who-we-are\/"},"modified":"2022-01-12T12:13:48","modified_gmt":"2022-01-12T12:13:48","slug":"ueber-uns","status":"publish","type":"page","link":"https:\/\/test.estply.com\/de\/ueber-uns\/","title":{"rendered":"\u00dcber uns"},"content":{"rendered":"<p>{&#8222;main-title&#8220;:{&#8222;component&#8220;:&#8220;hc_title&#8220;,&#8220;id&#8220;:&#8220;main-title&#8220;,&#8220;title&#8220;:&#8220;Who we are&#8220;,&#8220;subtitle&#8220;:&#8220;&#8220;,&#8220;title_content&#8220;:{&#8222;component&#8220;:&#8220;hc_title_empty&#8220;,&#8220;id&#8220;:&#8220;title-empty&#8220;}},&#8220;owners&#8220;:{&#8222;component&#8220;:&#8220;hc_section&#8220;,&#8220;id&#8220;:&#8220;owners&#8220;,&#8220;section_width&#8220;:&#8220;&#8220;,&#8220;animation&#8220;:&#8220;&#8220;,&#8220;animation_time&#8220;:&#8220;&#8220;,&#8220;timeline_animation&#8220;:&#8220;&#8220;,&#8220;timeline_delay&#8220;:&#8220;&#8220;,&#8220;timeline_order&#8220;:&#8220;&#8220;,&#8220;vertical_row&#8220;:&#8220;&#8220;,&#8220;box_middle&#8220;:&#8220;&#8220;,&#8220;css_classes&#8220;:&#8220;&#8220;,&#8220;custom_css_classes&#8220;:&#8220;&#8220;,&#8220;custom_css_styles&#8220;:&#8220;&#8220;,&#8220;section_content&#8220;:[{&#8222;component&#8220;:&#8220;hc_column&#8220;,&#8220;id&#8220;:&#8220;Ncics&#8220;,&#8220;column_width&#8220;:&#8220;col-md-9&#8243;,&#8220;animation&#8220;:&#8220;&#8220;,&#8220;animation_time&#8220;:&#8220;&#8220;,&#8220;timeline_animation&#8220;:&#8220;&#8220;,&#8220;timeline_delay&#8220;:&#8220;&#8220;,&#8220;timeline_order&#8220;:&#8220;&#8220;,&#8220;css_classes&#8220;:&#8220;&#8220;,&#8220;custom_css_classes&#8220;:&#8220;&#8220;,&#8220;custom_css_styles&#8220;:&#8220;&#8220;,&#8220;main_content&#8220;:[{&#8222;component&#8220;:&#8220;hc_space&#8220;,&#8220;id&#8220;:&#8220;W8HuB&#8220;,&#8220;css_classes&#8220;:&#8220;&#8220;,&#8220;custom_css_classes&#8220;:&#8220;&#8220;,&#8220;custom_css_styles&#8220;:&#8220;&#8220;,&#8220;size&#8220;:&#8220;m&#8220;,&#8220;height&#8220;:&#8220;128&#8243;},{&#8222;component&#8220;:&#8220;hc_title_tag&#8220;,&#8220;id&#8220;:&#8220;ddRzu&#8220;,&#8220;css_classes&#8220;:&#8220;&#8220;,&#8220;custom_css_classes&#8220;:&#8220;&#8220;,&#8220;custom_css_styles&#8220;:&#8220;&#8220;,&#8220;text&#8220;:&#8220;Eigent\u00fcmer&#8220;,&#8220;tag&#8220;:&#8220;h2&#8243;},{&#8222;component&#8220;:&#8220;hc_text_block&#8220;,&#8220;id&#8220;:&#8220;ITTVx&#8220;,&#8220;css_classes&#8220;:&#8220;&#8220;,&#8220;custom_css_classes&#8220;:&#8220;&#8220;,&#8220;custom_css_styles&#8220;:&#8220;&#8220;,&#8220;content&#8220;:&#8220;Estonian Plywood AS ist ein Teil der Untern\u00e4hmen LEMEKS Gruppe, wo ist einem der gr\u00f6\u00dften Forstindustrieunternehmen in Estland das sowohl in der Holzverarbeitung als auch in der Holzernte erfolgreich t\u00e4tig ist. 34 Tochtergesellschaften und verbundene Unternehmen besch\u00e4ftigen \u00fcber 1000 Mitarbeiter in Estland, Lettland, Finnland, Norwegen, Schweden, Frankreich und Gro\u00dfbritannien. Diese Tatsache verleiht ESTPLY ein starkes industrielles R\u00fcckgrat und finanzielle Stabilit\u00e4t.\\n\\n\\nAllerdings liegt der entscheidende Effekt der Eigent\u00fcmerstruktur in der guten Rohstoffversorgung. Versorgungssicherheit bedeutet, dass wir unsere Birkenst\u00e4mme auch an \\&#8220;Regentagen\\&#8220; beziehen und Sie Ihr Sperrholz wie geplant erhalten.\\n\\n\\n<a href=\\\"https:\/\/www.lemeks.ee\/en\/\\\"><img src=\\\"https:\/\/test.estply.com\/wp-content\/uploads\/2022\/01\/lemeks-300x31.png\\\" alt=\\\"Lemeks Grupp O\u00dc\\\"><\/a>&#8222;}]},{&#8222;component&#8220;:&#8220;hc_column&#8220;,&#8220;id&#8220;:&#8220;kl0Ay&#8220;,&#8220;column_width&#8220;:&#8220;col-md-6&#8243;,&#8220;animation&#8220;:&#8220;&#8220;,&#8220;animation_time&#8220;:&#8220;&#8220;,&#8220;timeline_animation&#8220;:&#8220;&#8220;,&#8220;timeline_delay&#8220;:&#8220;&#8220;,&#8220;timeline_order&#8220;:&#8220;&#8220;,&#8220;css_classes&#8220;:&#8220;&#8220;,&#8220;custom_css_classes&#8220;:&#8220;&#8220;,&#8220;custom_css_styles&#8220;:&#8220;&#8220;,&#8220;main_content&#8220;:[]}],&#8220;section_settings&#8220;:&#8220;&#8220;},&#8220;customers&#8220;:{&#8222;component&#8220;:&#8220;hc_section&#8220;,&#8220;id&#8220;:&#8220;customers&#8220;,&#8220;section_width&#8220;:&#8220;&#8220;,&#8220;animation&#8220;:&#8220;&#8220;,&#8220;animation_time&#8220;:&#8220;&#8220;,&#8220;timeline_animation&#8220;:&#8220;&#8220;,&#8220;timeline_delay&#8220;:&#8220;&#8220;,&#8220;timeline_order&#8220;:&#8220;&#8220;,&#8220;vertical_row&#8220;:&#8220;&#8220;,&#8220;box_middle&#8220;:&#8220;&#8220;,&#8220;css_classes&#8220;:&#8220;&#8220;,&#8220;custom_css_classes&#8220;:&#8220;&#8220;,&#8220;custom_css_styles&#8220;:&#8220;&#8220;,&#8220;section_content&#8220;:[{&#8222;component&#8220;:&#8220;hc_column&#8220;,&#8220;id&#8220;:&#8220;Ii6bt&#8220;,&#8220;column_width&#8220;:&#8220;col-md-12&#8243;,&#8220;animation&#8220;:&#8220;&#8220;,&#8220;animation_time&#8220;:&#8220;&#8220;,&#8220;timeline_animation&#8220;:&#8220;&#8220;,&#8220;timeline_delay&#8220;:&#8220;&#8220;,&#8220;timeline_order&#8220;:&#8220;&#8220;,&#8220;css_classes&#8220;:&#8220;&#8220;,&#8220;custom_css_classes&#8220;:&#8220;&#8220;,&#8220;custom_css_styles&#8220;:&#8220;&#8220;,&#8220;main_content&#8220;:[{&#8222;component&#8220;:&#8220;hc_column&#8220;,&#8220;id&#8220;:&#8220;dmEoL&#8220;,&#8220;column_width&#8220;:&#8220;col-md-6&#8243;,&#8220;animation&#8220;:&#8220;&#8220;,&#8220;animation_time&#8220;:&#8220;&#8220;,&#8220;timeline_animation&#8220;:&#8220;&#8220;,&#8220;timeline_delay&#8220;:&#8220;&#8220;,&#8220;timeline_order&#8220;:&#8220;&#8220;,&#8220;css_classes&#8220;:&#8220;&#8220;,&#8220;custom_css_classes&#8220;:&#8220;&#8220;,&#8220;custom_css_styles&#8220;:&#8220;&#8220;,&#8220;main_content&#8220;:[{&#8222;component&#8220;:&#8220;hc_space&#8220;,&#8220;id&#8220;:&#8220;1Yfqe&#8220;,&#8220;css_classes&#8220;:&#8220;&#8220;,&#8220;custom_css_classes&#8220;:&#8220;&#8220;,&#8220;custom_css_styles&#8220;:&#8220;&#8220;,&#8220;size&#8220;:&#8220;m&#8220;,&#8220;height&#8220;:&#8220;128&#8243;},{&#8222;component&#8220;:&#8220;hc_image&#8220;,&#8220;id&#8220;:&#8220;KXp2m&#8220;,&#8220;css_classes&#8220;:&#8220;&#8220;,&#8220;custom_css_classes&#8220;:&#8220;&#8220;,&#8220;custom_css_styles&#8220;:&#8220;&#8220;,&#8220;image&#8220;:&#8220;https:\/\/test.estply.com\/wp-content\/uploads\/2021\/12\/estply-customers.png|683|1024|999958590&#8243;,&#8220;alt&#8220;:&#8220;&#8220;,&#8220;thumb_size&#8220;:&#8220;large&#8220;}]},{&#8222;component&#8220;:&#8220;hc_column&#8220;,&#8220;id&#8220;:&#8220;l6wPh&#8220;,&#8220;column_width&#8220;:&#8220;col-md-6&#8243;,&#8220;animation&#8220;:&#8220;&#8220;,&#8220;animation_time&#8220;:&#8220;&#8220;,&#8220;timeline_animation&#8220;:&#8220;&#8220;,&#8220;timeline_delay&#8220;:&#8220;&#8220;,&#8220;timeline_order&#8220;:&#8220;&#8220;,&#8220;css_classes&#8220;:&#8220;&#8220;,&#8220;custom_css_classes&#8220;:&#8220;&#8220;,&#8220;custom_css_styles&#8220;:&#8220;&#8220;,&#8220;main_content&#8220;:[{&#8222;component&#8220;:&#8220;hc_space&#8220;,&#8220;id&#8220;:&#8220;3Hgfp&#8220;,&#8220;css_classes&#8220;:&#8220;&#8220;,&#8220;custom_css_classes&#8220;:&#8220;&#8220;,&#8220;custom_css_styles&#8220;:&#8220;&#8220;,&#8220;size&#8220;:&#8220;m&#8220;,&#8220;height&#8220;:&#8220;32&#8243;},{&#8222;component&#8220;:&#8220;hc_title_tag&#8220;,&#8220;id&#8220;:&#8220;BvtN1&#8243;,&#8220;css_classes&#8220;:&#8220;&#8220;,&#8220;custom_css_classes&#8220;:&#8220;&#8220;,&#8220;custom_css_styles&#8220;:&#8220;&#8220;,&#8220;text&#8220;:&#8220;Kunden&#8220;,&#8220;tag&#8220;:&#8220;h2&#8243;},{&#8222;component&#8220;:&#8220;hc_text_block&#8220;,&#8220;id&#8220;:&#8220;J4Q8Q&#8220;,&#8220;css_classes&#8220;:&#8220;&#8220;,&#8220;custom_css_classes&#8220;:&#8220;&#8220;,&#8220;custom_css_styles&#8220;:&#8220;&#8220;,&#8220;content&#8220;:&#8220;ESTPLY Birkensperrholz ist f\u00fcr anspruchsvolle Endanwendungen gedacht, bei denen konstante Qualit\u00e4t und Liefergenauigkeit gesch\u00e4tzt werden. Unsere Schwerpunkte sind Fahrzeugb\u00f6den, Transporterauskleidungen, Schalungen und Anwendungen im Bau.\\n\\nWir suchen Kundenbeziehungen mit einem gegenseitigen Interesse an einer langfristigen zusammenarbeit. Unser Team ist dem Kundenservice verpflichtet. Wir sch\u00e4tzen eine freundliche und reibungslose Kommunikation.\\n\\nUnsere Jahreskapazit\u00e4t betr\u00e4gt 55 000 m3 Birkenholz. Durch den Aufbau des Werks k\u00f6nnen wir zuk\u00fcnftig flexibel unsere Kapazit\u00e4ten erh\u00f6hen. Momentan produzieren wir nicht beschichtetes Sperrholz, aber Anfang 2020 werden uns verschiedene Beschichtungsoptionen zur Verf\u00fcgung stehen.\\n\\nUnser Hauptaugenmerk liegt auf konstanter Qualit\u00e4t und p\u00fcnktlichen Lieferungen. Durch die kompakte Gr\u00f6\u00dfe und die \u00fcbersichtliche Arbeitsweise streben wir schnelle Kundenantworten an. Wir wollen Sie nicht warten lassen.&#8220;}]},{&#8222;component&#8220;:&#8220;hc_space&#8220;,&#8220;id&#8220;:&#8220;isqZQ&#8220;,&#8220;css_classes&#8220;:&#8220;&#8220;,&#8220;custom_css_classes&#8220;:&#8220;&#8220;,&#8220;custom_css_styles&#8220;:&#8220;&#8220;,&#8220;size&#8220;:&#8220;m&#8220;,&#8220;height&#8220;:&#8220;&#8220;}]}],&#8220;section_settings&#8220;:{&#8222;component&#8220;:&#8220;hc_section_image&#8220;,&#8220;id&#8220;:&#8220;section-image&#8220;,&#8220;image&#8220;:&#8220;https:\/\/test.estply.com\/wp-content\/uploads\/2019\/07\/bg3-1024&#215;435.png|815|1920|999956025&#8243;,&#8220;full_screen&#8220;:false,&#8220;full_screen_height&#8220;:&#8220;&#8220;,&#8220;parallax&#8220;:true,&#8220;bleed&#8220;:&#8220;&#8220;,&#8220;ken_burn&#8220;:&#8220;&#8220;,&#8220;bg_pos&#8220;:&#8220;&#8220;,&#8220;overlay&#8220;:&#8220;&#8220;}},&#8220;carbon&#8220;:{&#8222;component&#8220;:&#8220;hc_section&#8220;,&#8220;id&#8220;:&#8220;carbon&#8220;,&#8220;section_width&#8220;:&#8220;&#8220;,&#8220;animation&#8220;:&#8220;&#8220;,&#8220;animation_time&#8220;:&#8220;&#8220;,&#8220;timeline_animation&#8220;:&#8220;&#8220;,&#8220;timeline_delay&#8220;:&#8220;&#8220;,&#8220;timeline_order&#8220;:&#8220;&#8220;,&#8220;vertical_row&#8220;:&#8220;&#8220;,&#8220;box_middle&#8220;:&#8220;&#8220;,&#8220;css_classes&#8220;:&#8220;&#8220;,&#8220;custom_css_classes&#8220;:&#8220;&#8220;,&#8220;custom_css_styles&#8220;:&#8220;&#8220;,&#8220;section_content&#8220;:[{&#8222;component&#8220;:&#8220;hc_column&#8220;,&#8220;id&#8220;:&#8220;column_KVG06&#8243;,&#8220;column_width&#8220;:&#8220;col-md-6&#8243;,&#8220;animation&#8220;:&#8220;&#8220;,&#8220;animation_time&#8220;:&#8220;&#8220;,&#8220;timeline_animation&#8220;:&#8220;&#8220;,&#8220;timeline_delay&#8220;:&#8220;&#8220;,&#8220;timeline_order&#8220;:&#8220;&#8220;,&#8220;css_classes&#8220;:&#8220;col-sm-12 &#8222;,&#8220;custom_css_classes&#8220;:&#8220;&#8220;,&#8220;custom_css_styles&#8220;:&#8220;&#8220;,&#8220;main_content&#8220;:[{&#8222;component&#8220;:&#8220;hc_space&#8220;,&#8220;id&#8220;:&#8220;LBz8h&#8220;,&#8220;css_classes&#8220;:&#8220;&#8220;,&#8220;custom_css_classes&#8220;:&#8220;&#8220;,&#8220;custom_css_styles&#8220;:&#8220;&#8220;,&#8220;size&#8220;:&#8220;m&#8220;,&#8220;height&#8220;:&#8220;32&#8243;},{&#8222;component&#8220;:&#8220;hc_title_tag&#8220;,&#8220;id&#8220;:&#8220;nrhEn&#8220;,&#8220;css_classes&#8220;:&#8220;&#8220;,&#8220;custom_css_classes&#8220;:&#8220;&#8220;,&#8220;custom_css_styles&#8220;:&#8220;&#8220;,&#8220;text&#8220;:&#8220;CO2&#8243;,&#8220;tag&#8220;:&#8220;h2&#8243;},{&#8222;component&#8220;:&#8220;hc_text_block&#8220;,&#8220;id&#8220;:&#8220;UlsSR&#8220;,&#8220;css_classes&#8220;:&#8220;&#8220;,&#8220;custom_css_classes&#8220;:&#8220;&#8220;,&#8220;custom_css_styles&#8220;:&#8220;&#8220;,&#8220;content&#8220;:&#8220;Obwohl Birkensperrholz eine lange Nutzungsdauer aufweist und seinen Kohlenstoff lange h\u00e4lt, wollen wir uns bem\u00fchen, den CO2-Aussto\u00df zu senken. Wir nehmen das 1,5-Grad-Ziel des Pariser Abkommens ernst, da die globale Erw\u00e4rmung erhebliche Auswirkungen auf unser t\u00e4gliches Leben, unsere Natur und unser Gesch\u00e4ft haben wird.\\n\\nDas Infrastrukturkonzept des Werks in Viruvere erm\u00f6glicht es uns, den Anteil erneuerbarer Energien schrittweise zu erh\u00f6hen. Wir haben unseren CO2-Plan f\u00fcr den Zeitraum von 2020 bis 2025 mit dem Ziel der CO2-Neutralit\u00e4t formuliert.&#8220;},{&#8222;component&#8220;:&#8220;hc_space&#8220;,&#8220;id&#8220;:&#8220;qQ24f&#8220;,&#8220;css_classes&#8220;:&#8220;&#8220;,&#8220;custom_css_classes&#8220;:&#8220;&#8220;,&#8220;custom_css_styles&#8220;:&#8220;&#8220;,&#8220;size&#8220;:&#8220;m&#8220;,&#8220;height&#8220;:&#8220;&#8220;},{&#8222;component&#8220;:&#8220;hc_column&#8220;,&#8220;id&#8220;:&#8220;column_BLzzf&#8220;,&#8220;column_width&#8220;:&#8220;col-md-4&#8243;,&#8220;animation&#8220;:&#8220;&#8220;,&#8220;animation_time&#8220;:&#8220;&#8220;,&#8220;timeline_animation&#8220;:&#8220;&#8220;,&#8220;timeline_delay&#8220;:&#8220;&#8220;,&#8220;timeline_order&#8220;:&#8220;&#8220;,&#8220;css_classes&#8220;:&#8220;&#8220;,&#8220;custom_css_classes&#8220;:&#8220;&#8220;,&#8220;custom_css_styles&#8220;:&#8220;&#8220;,&#8220;main_content&#8220;:[]},{&#8222;component&#8220;:&#8220;hc_column&#8220;,&#8220;id&#8220;:&#8220;column_kb0OZ&#8220;,&#8220;column_width&#8220;:&#8220;col-md-6&#8243;,&#8220;animation&#8220;:&#8220;&#8220;,&#8220;animation_time&#8220;:&#8220;&#8220;,&#8220;timeline_animation&#8220;:&#8220;&#8220;,&#8220;timeline_delay&#8220;:&#8220;&#8220;,&#8220;timeline_order&#8220;:&#8220;&#8220;,&#8220;css_classes&#8220;:&#8220;&#8220;,&#8220;custom_css_classes&#8220;:&#8220;&#8220;,&#8220;custom_css_styles&#8220;:&#8220;&#8220;,&#8220;main_content&#8220;:[]}]},{&#8222;component&#8220;:&#8220;hc_column&#8220;,&#8220;id&#8220;:&#8220;column_5z6qL&#8220;,&#8220;column_width&#8220;:&#8220;col-md-6&#8243;,&#8220;animation&#8220;:&#8220;&#8220;,&#8220;animation_time&#8220;:&#8220;&#8220;,&#8220;timeline_animation&#8220;:&#8220;&#8220;,&#8220;timeline_delay&#8220;:&#8220;&#8220;,&#8220;timeline_order&#8220;:&#8220;&#8220;,&#8220;css_classes&#8220;:&#8220;&#8220;,&#8220;custom_css_classes&#8220;:&#8220;&#8220;,&#8220;custom_css_styles&#8220;:&#8220;&#8220;,&#8220;main_content&#8220;:[{&#8222;component&#8220;:&#8220;hc_space&#8220;,&#8220;id&#8220;:&#8220;VJj6b&#8220;,&#8220;css_classes&#8220;:&#8220;&#8220;,&#8220;custom_css_classes&#8220;:&#8220;&#8220;,&#8220;custom_css_styles&#8220;:&#8220;&#8220;,&#8220;size&#8220;:&#8220;m&#8220;,&#8220;height&#8220;:&#8220;32&#8243;},{&#8222;component&#8220;:&#8220;hc_image&#8220;,&#8220;id&#8220;:&#8220;dAJ1c&#8220;,&#8220;css_classes&#8220;:&#8220;&#8220;,&#8220;custom_css_classes&#8220;:&#8220;&#8220;,&#8220;custom_css_styles&#8220;:&#8220;&#8220;,&#8220;image&#8220;:&#8220;https:\/\/test.estply.com\/wp-content\/uploads\/2022\/01\/carbon.png|683|1024|999958670&#8243;,&#8220;alt&#8220;:&#8220;&#8220;,&#8220;thumb_size&#8220;:&#8220;large&#8220;}]}],&#8220;section_settings&#8220;:{&#8222;component&#8220;:&#8220;hc_section_image&#8220;,&#8220;id&#8220;:&#8220;section-image&#8220;,&#8220;image&#8220;:&#8220;https:\/\/test.estply.com\/wp-content\/uploads\/2019\/07\/bg2-1-1024&#215;646.png|1211|1920|999956026&#8243;,&#8220;full_screen&#8220;:false,&#8220;full_screen_height&#8220;:&#8220;&#8220;,&#8220;parallax&#8220;:false,&#8220;bleed&#8220;:&#8220;&#8220;,&#8220;ken_burn&#8220;:&#8220;&#8220;,&#8220;bg_pos&#8220;:&#8220;&#8220;,&#8220;overlay&#8220;:&#8220;&#8220;}},&#8220;scripts&#8220;:{&#8222;parallax&#8220;:&#8220;parallax.min.js&#8220;},&#8220;css&#8220;:{},&#8220;css_page&#8220;:&#8220;&#8220;,&#8220;template_setting&#8220;:{&#8222;settings&#8220;:{&#8222;id&#8220;:&#8220;settings&#8220;}},&#8220;template_setting_top&#8220;:{},&#8220;page_setting&#8220;:{&#8222;settings&#8220;:[&#8222;lock-mode-off&#8220;]}}<\/p>\n","protected":false},"excerpt":{"rendered":"<p>{&#8222;main-title&#8220;:{&#8222;component&#8220;:&#8220;hc_title&#8220;,&#8220;id&#8220;:&#8220;main-title&#8220;,&#8220;title&#8220;:&#8220;Who we are&#8220;,&#8220;subtitle&#8220;:&#8220;&#8220;,&#8220;title_content&#8220;:{&#8222;component&#8220;:&#8220;hc_title_empty&#8220;,&#8220;id&#8220;:&#8220;title-empty&#8220;}},&#8220;owners&#8220;:{&#8222;component&#8220;:&#8220;hc_section&#8220;,&#8220;id&#8220;:&#8220;owners&#8220;,&#8220;section_width&#8220;:&#8220;&#8220;,&#8220;animation&#8220;:&#8220;&#8220;,&#8220;animation_time&#8220;:&#8220;&#8220;,&#8220;timeline_animation&#8220;:&#8220;&#8220;,&#8220;timeline_delay&#8220;:&#8220;&#8220;,&#8220;timeline_order&#8220;:&#8220;&#8220;,&#8220;vertical_row&#8220;:&#8220;&#8220;,&#8220;box_middle&#8220;:&#8220;&#8220;,&#8220;css_classes&#8220;:&#8220;&#8220;,&#8220;custom_css_classes&#8220;:&#8220;&#8220;,&#8220;custom_css_styles&#8220;:&#8220;&#8220;,&#8220;section_content&#8220;:[{&#8222;component&#8220;:&#8220;hc_column&#8220;,&#8220;id&#8220;:&#8220;Ncics&#8220;,&#8220;column_width&#8220;:&#8220;col-md-9&#8243;,&#8220;animation&#8220;:&#8220;&#8220;,&#8220;animation_time&#8220;:&#8220;&#8220;,&#8220;timeline_animation&#8220;:&#8220;&#8220;,&#8220;timeline_delay&#8220;:&#8220;&#8220;,&#8220;timeline_order&#8220;:&#8220;&#8220;,&#8220;css_classes&#8220;:&#8220;&#8220;,&#8220;custom_css_classes&#8220;:&#8220;&#8220;,&#8220;custom_css_styles&#8220;:&#8220;&#8220;,&#8220;main_content&#8220;:[{&#8222;component&#8220;:&#8220;hc_space&#8220;,&#8220;id&#8220;:&#8220;W8HuB&#8220;,&#8220;css_classes&#8220;:&#8220;&#8220;,&#8220;custom_css_classes&#8220;:&#8220;&#8220;,&#8220;custom_css_styles&#8220;:&#8220;&#8220;,&#8220;size&#8220;:&#8220;m&#8220;,&#8220;height&#8220;:&#8220;128&#8243;},{&#8222;component&#8220;:&#8220;hc_title_tag&#8220;,&#8220;id&#8220;:&#8220;ddRzu&#8220;,&#8220;css_classes&#8220;:&#8220;&#8220;,&#8220;custom_css_classes&#8220;:&#8220;&#8220;,&#8220;custom_css_styles&#8220;:&#8220;&#8220;,&#8220;text&#8220;:&#8220;Eigent\u00fcmer&#8220;,&#8220;tag&#8220;:&#8220;h2&#8243;},{&#8222;component&#8220;:&#8220;hc_text_block&#8220;,&#8220;id&#8220;:&#8220;ITTVx&#8220;,&#8220;css_classes&#8220;:&#8220;&#8220;,&#8220;custom_css_classes&#8220;:&#8220;&#8220;,&#8220;custom_css_styles&#8220;:&#8220;&#8220;,&#8220;content&#8220;:&#8220;Estonian Plywood AS ist ein Teil der Untern\u00e4hmen LEMEKS Gruppe, wo ist einem der gr\u00f6\u00dften Forstindustrieunternehmen in Estland das sowohl in der Holzverarbeitung als auch in der Holzernte erfolgreich t\u00e4tig ist. 34 Tochtergesellschaften und verbundene Unternehmen besch\u00e4ftigen \u00fcber 1000 Mitarbeiter in Estland, Lettland, Finnland, Norwegen, Schweden, Frankreich und Gro\u00dfbritannien. Diese Tatsache verleiht ESTPLY [&hellip;]<\/p>\n","protected":false},"author":1,"featured_media":0,"parent":0,"menu_order":0,"comment_status":"closed","ping_status":"closed","template":"","meta":{"footnotes":""},"class_list":["post-999957387","page","type-page","status-publish","hentry"],"_links":{"self":[{"href":"https:\/\/test.estply.com\/de\/wp-json\/wp\/v2\/pages\/999957387"}],"collection":[{"href":"https:\/\/test.estply.com\/de\/wp-json\/wp\/v2\/pages"}],"about":[{"href":"https:\/\/test.estply.com\/de\/wp-json\/wp\/v2\/types\/page"}],"author":[{"embeddable":true,"href":"https:\/\/test.estply.com\/de\/wp-json\/wp\/v2\/users\/1"}],"replies":[{"embeddable":true,"href":"https:\/\/test.estply.com\/de\/wp-json\/wp\/v2\/comments?post=999957387"}],"version-history":[{"count":24,"href":"https:\/\/test.estply.com\/de\/wp-json\/wp\/v2\/pages\/999957387\/revisions"}],"predecessor-version":[{"id":999958672,"href":"https:\/\/test.estply.com\/de\/wp-json\/wp\/v2\/pages\/999957387\/revisions\/999958672"}],"wp:attachment":[{"href":"https:\/\/test.estply.com\/de\/wp-json\/wp\/v2\/media?parent=999957387"}],"curies":[{"name":"wp","href":"https:\/\/api.w.org\/{rel}","templated":true}]}}